{"id":449,"date":"2018-11-27T09:17:08","date_gmt":"2018-11-27T09:17:08","guid":{"rendered":"http:\/\/monicalombo.com\/index.php\/about\/"},"modified":"2022-07-17T01:41:31","modified_gmt":"2022-07-17T01:41:31","slug":"about","status":"publish","type":"page","link":"https:\/\/monicalombo.com\/index.php\/about\/","title":{"rendered":"Bio"},"content":{"rendered":"\t\t<div data-elementor-type=\"wp-post\" data-elementor-id=\"449\" class=\"elementor elementor-449\" data-elementor-settings=\"[]\">\n\t\t\t\t\t\t<div class=\"elementor-inner\">\n\t\t\t\t\t\t\t<div class=\"elementor-section-wrap\">\n\t\t\t\t\t\t\t<section class=\"elementor-section elementor-top-section elementor-element elementor-element-5c40d7b elementor-section-boxed elementor-section-height-default elementor-section-height-default\" data-id=\"5c40d7b\" data-element_type=\"section\">\n\t\t\t\t\t\t<div class=\"elementor-container elementor-column-gap-default\">\n\t\t\t\t\t\t\t<div class=\"elementor-row\">\n\t\t\t\t\t<div class=\"elementor-column elementor-col-50 elementor-top-column elementor-element elementor-element-2ebbf9c\" data-id=\"2ebbf9c\" data-element_type=\"column\">\n\t\t\t<div class=\"elementor-column-wrap elementor-element-populated\">\n\t\t\t\t\t\t\t<div class=\"elementor-widget-wrap\">\n\t\t\t\t\t\t<div class=\"elementor-element elementor-element-fe195c7 elementor-widget elementor-widget-heading\" data-id=\"fe195c7\" data-element_type=\"widget\" data-widget_type=\"heading.default\">\n\t\t\t\t<div class=\"elementor-widget-container\">\n\t\t\t<h2 class=\"elementor-heading-title elementor-size-default\">Bio<\/h2>\t\t<\/div>\n\t\t\t\t<\/div>\n\t\t\t\t<div class=\"elementor-element elementor-element-e5f497e elementor-widget elementor-widget-text-editor\" data-id=\"e5f497e\" data-element_type=\"widget\" data-widget_type=\"text-editor.default\">\n\t\t\t\t<div class=\"elementor-widget-container\">\n\t\t\t\t\t<div class=\"elementor-text-editor elementor-clearfix\"><p>Hi, everyone! \u00a1Hola a todos!<\/p><p>My name is <strong>Monica Lombo<\/strong>. I am an independent Canadian\u2011Italian\u2011Argentinian author, editor, translator, interpreter, and motivational speaker.<br \/>Mi nombre es <strong>Monica Lombo<\/strong>. Soy autora, editora, traductora, int\u00e9rprete y oradora motivacional canadiense, \u00edtalo-argentina independiente.<\/p><p>In general, I draw from my own life story when narrating the experiences that shaped my identity as a writer.<br \/>Por lo general escribo bas\u00e1ndome en mi propia historia personal para narrar las memorias que forjaron mi identidad como escritora.<\/p><p>You wanna know more? Well\u2026 I am very keen on graphic design, communications, and hosting and producing radio shows.<br \/>\u00bfQuieres saber m\u00e1s? Veamos\u2026 Me fascinan las comunicaciones y el dise\u00f1o gr\u00e1fico. Tambi\u00e9n la locuci\u00f3n y la producci\u00f3n de programas de radio.<\/p><p>I absolutely love studying theology and languages.<br \/>Amo dedicarme a estudiar teolog\u00eda e idiomas.<\/p><p>Reading psychology and mental health books has been my strong interest for quite some time.<br \/>En los \u00faltimos tiempos, he sentido un gran inter\u00e9s en leer libros sobre psicolog\u00eda y salud mental.<\/p><p>When it comes to arts and crafts, I particularly like creative expression, photography, and restoring antiques.<br \/>Con relaci\u00f3n a las artes y a las artesan\u00edas, en particular me encantan la expresi\u00f3n creativa, la fotograf\u00eda y restaurar objetos antiguos.<\/p><p>I really enjoy meditating, immersing myself in nature (Forest bathing), and cycling.<br \/>Disfruto mucho de la meditaci\u00f3n, las caminatas de inmersi\u00f3n en la naturaleza (Terapia del bosque) y del ciclismo.<\/p><p>And I am very fond of working on my own organic vegetable garden in order to help protect the environment.<br \/>Tambi\u00e9n me gusta much\u00edsimo trabajar en mi huerta org\u00e1nica para ayudar a proteger el medioambiente.<\/p><p>With regard to volunteering, I participated in several humanitarian trips to developing countries. Each of them was a very meaningful, life-changing, and memorable experience.<br \/>En cuanto a voluntariados, he participado en varios viajes humanitarios a pa\u00edses en desarrollo. Cada uno de ellos fue una experiencia transformadora inolvidable que cambi\u00f3 mi vida.<\/p><p>Still wanna know more\u2026? Please contact me at <a href=\"mailto:monica@monicalombo.com\">monica@monicalombo.com<\/a><br \/>\u00bfTodav\u00eda quieres saber m\u00e1s\u2026? Env\u00edame un correo a <a href=\"mailto:monica@monicalombo.com\">monica@monicalombo.com<\/a><\/p><p><em>Let us keep the virtual conversation going over a good cup of coffee, of course!<\/em><\/p><p><em>Sigamos con la charla virtual mientras nos tomamos un buen caf\u00e9, \u00a1por supuesto!<\/em><\/p><\/div>\n\t\t\t\t<\/div>\n\t\t\t\t<\/div>\n\t\t\t\t<div class=\"elementor-element elementor-element-5dcd18a elementor-widget elementor-widget-text-editor\" data-id=\"5dcd18a\" data-element_type=\"widget\" data-widget_type=\"text-editor.default\">\n\t\t\t\t<div class=\"elementor-widget-container\">\n\t\t\t\t\t<div class=\"elementor-text-editor elementor-clearfix\"><\/div>\n\t\t\t\t<\/div>\n\t\t\t\t<\/div>\n\t\t\t\t\t\t<\/div>\n\t\t\t\t\t<\/div>\n\t\t<\/div>\n\t\t\t\t<div class=\"elementor-column elementor-col-50 elementor-top-column elementor-element elementor-element-e5fdae0\" data-id=\"e5fdae0\" data-element_type=\"column\">\n\t\t\t<div class=\"elementor-column-wrap elementor-element-populated\">\n\t\t\t\t\t\t\t<div class=\"elementor-widget-wrap\">\n\t\t\t\t\t\t<div class=\"elementor-element elementor-element-96b5b53 elementor-widget elementor-widget-image\" data-id=\"96b5b53\" data-element_type=\"widget\" data-widget_type=\"image.default\">\n\t\t\t\t<div class=\"elementor-widget-container\">\n\t\t\t\t\t<div class=\"elementor-image\">\n\t\t\t\t\t\t\t<figure class=\"wp-caption\">\n\t\t\t\t\t\t\t\t\t\t<img width=\"689\" height=\"1024\" src=\"https:\/\/monicalombo.com\/wp-content\/uploads\/2022\/01\/27afd1cc-60df-4aed-97b0-9a0fdc1b63d6-689x1024.jpg\" class=\"attachment-large size-large\" alt=\"\" loading=\"lazy\" srcset=\"https:\/\/monicalombo.com\/wp-content\/uploads\/2022\/01\/27afd1cc-60df-4aed-97b0-9a0fdc1b63d6-689x1024.jpg 689w, https:\/\/monicalombo.com\/wp-content\/uploads\/2022\/01\/27afd1cc-60df-4aed-97b0-9a0fdc1b63d6-202x300.jpg 202w, https:\/\/monicalombo.com\/wp-content\/uploads\/2022\/01\/27afd1cc-60df-4aed-97b0-9a0fdc1b63d6-768x1142.jpg 768w, https:\/\/monicalombo.com\/wp-content\/uploads\/2022\/01\/27afd1cc-60df-4aed-97b0-9a0fdc1b63d6.jpg 861w\" sizes=\"(max-width: 689px) 100vw, 689px\" \/>\t\t\t\t\t\t\t\t\t\t\t<figcaption class=\"widget-image-caption wp-caption-text\">\u00a9 Gonzalo Araya (@1060fotos)<\/figcaption>\n\t\t\t\t\t\t\t\t\t\t<\/figure>\n\t\t\t\t\t<\/div>\n\t\t\t\t<\/div>\n\t\t\t\t<\/div>\n\t\t\t\t\t\t<\/div>\n\t\t\t\t\t<\/div>\n\t\t<\/div>\n\t\t\t\t\t\t\t\t<\/div>\n\t\t\t\t\t<\/div>\n\t\t<\/section>\n\t\t\t\t\t\t<\/div>\n\t\t\t\t\t\t<\/div>\n\t\t\t\t\t<\/div>\n\t\t","protected":false},"excerpt":{"rendered":"<p>Bio Hi, everyone! \u00a1Hola a todos! My name is Monica Lombo. I am an independent Canadian\u2011Italian\u2011Argentinian author, editor, translator, interpreter, and motivational speaker.Mi nombre es Monica Lombo. Soy autora, editora, traductora, int\u00e9rprete y oradora motivacional canadiense, \u00edtalo-argentina independiente. In general, I draw from my own life story when narrating the experiences that shaped my identity &hellip;<\/p>\n<p class=\"read-more\"> <a class=\"\" href=\"https:\/\/monicalombo.com\/index.php\/about\/\"> <span class=\"screen-reader-text\">Bio<\/span> Read More &raquo;<\/a><\/p>\n","protected":false},"author":1,"featured_media":0,"parent":0,"menu_order":0,"comment_status":"closed","ping_status":"closed","template":"","meta":[],"_links":{"self":[{"href":"https:\/\/monicalombo.com\/index.php\/wp-json\/wp\/v2\/pages\/449"}],"collection":[{"href":"https:\/\/monicalombo.com\/index.php\/wp-json\/wp\/v2\/pages"}],"about":[{"href":"https:\/\/monicalombo.com\/index.php\/wp-json\/wp\/v2\/types\/page"}],"author":[{"embeddable":true,"href":"https:\/\/monicalombo.com\/index.php\/wp-json\/wp\/v2\/users\/1"}],"replies":[{"embeddable":true,"href":"https:\/\/monicalombo.com\/index.php\/wp-json\/wp\/v2\/comments?post=449"}],"version-history":[{"count":117,"href":"https:\/\/monicalombo.com\/index.php\/wp-json\/wp\/v2\/pages\/449\/revisions"}],"predecessor-version":[{"id":1494,"href":"https:\/\/monicalombo.com\/index.php\/wp-json\/wp\/v2\/pages\/449\/revisions\/1494"}],"wp:attachment":[{"href":"https:\/\/monicalombo.com\/index.php\/wp-json\/wp\/v2\/media?parent=449"}],"curies":[{"name":"wp","href":"https:\/\/api.w.org\/{rel}","templated":true}]}}